{"id":6818,"date":"2022-05-18T13:26:13","date_gmt":"2022-05-18T13:26:13","guid":{"rendered":"https:\/\/wordpress-421140-2727786.cloudwaysapps.com\/?page_id=6818"},"modified":"2022-08-12T12:16:29","modified_gmt":"2022-08-12T12:16:29","slug":"lediga-jobb","status":"publish","type":"page","link":"https:\/\/riche.se\/fenix\/om-oss\/lediga-jobb\/","title":{"rendered":"Lediga jobb"},"content":{"rendered":"\n\n\t\t\n\t\t\t\t\t\n\t\t\t\n\t\t\t\n\t\t\t<img decoding=\"async\" src=\"https:\/\/wordpress-421140-2727786.cloudwaysapps.com\/wp-content\/uploads\/2022\/05\/lediga-jobs-hero-img.jpg\" alt=\"\" title=\"\" \/>\n\t\t\t\n\t\t\t\t\t\t\t\t\t<h1>Vill du jobba p\u00e5 Riche Fenix?<\/h1>\n\t\t\t\t\t\t<p>Vi erbjuder en varierande, flexibel och rolig arbetsplats i en sp\u00e4nnande milj\u00f6 med bra f\u00f6rm\u00e5ner. Hos oss finns goda utvecklingsm\u00f6jligheter b\u00e5de i jobbet men \u00e4ven inom koncern. Riche och Teatergrillen ing\u00e5r i restaurangkoncernen Svenska Brasserier d\u00e4r \u00e4ven Sturehof, Stockholms matmarknad, Taverna Brillo, Luzette och Ulriksdals V\u00e4rdshus ing\u00e5r.<\/p>\t\t\t\t\t\n<h2>\n\t\tLediga jobb\n\t<\/h2>\n\t\t\t\t<img loading=\"lazy\" decoding=\"async\" src=\"https:\/\/sturehof.wetail.dev\/wp-content\/uploads\/2022\/04\/Sturehof.se-om_oss-Group-293.png\" alt=\"Sturehof.se-om_oss-Group 293\" height=\"201\" width=\"201\" title=\"Sturehof.se-om_oss-Group 293\" \/>\n\t<p>2022-02-21<\/p>\n<h3>Kock till Sturehof<\/h3>\n<p>Sturehof \u00b7 Sturehof<\/p>\n\t\t\t<a href=\"\" target=\"_self\" role=\"button\" rel=\"noopener\">\n\t\t\t\t\t\t\tL\u00c4S MER\n\t\t\t\t\t<\/a>\n\t\t\t\t<img loading=\"lazy\" decoding=\"async\" src=\"https:\/\/sturehof.wetail.dev\/wp-content\/uploads\/2022\/04\/Sturehof.se-om_oss-Group-294.png\" alt=\"Sturehof.se-om_oss-Group 294\" height=\"201\" width=\"201\" title=\"Sturehof.se-om_oss-Group 294\" \/>\n\t<p>2022-02-21 19:00<\/p>\n<h3>Kock till Emmer<\/h3>\n<p>Ulriksdals V\u00e4rdshus \u00b7 Ulriksdals V\u00e4rdshus<\/p>\n\t\t\t<a href=\"\" target=\"_self\" role=\"button\" rel=\"noopener\">\n\t\t\t\t\t\t\tL\u00c4S MER\n\t\t\t\t\t<\/a>\n\t\t\t\t<img loading=\"lazy\" decoding=\"async\" src=\"https:\/\/sturehof.wetail.dev\/wp-content\/uploads\/2022\/04\/Sturehof.se-om_oss-Group-295.png\" alt=\"Sturehof.se-om_oss-Group 295\" height=\"201\" width=\"201\" title=\"Sturehof.se-om_oss-Group 295\" \/>\n\t<p>2022-02-21 19:00<\/p>\n<h3>Servis till Luzette<\/h3>\n<p>Luzette<\/p>\n\t\t\t<a href=\"\" target=\"_self\" role=\"button\" rel=\"noopener\">\n\t\t\t\t\t\t\tL\u00c4S MER\n\t\t\t\t\t<\/a>\n\t\t\t\t<img loading=\"lazy\" decoding=\"async\" src=\"https:\/\/sturehof.wetail.dev\/wp-content\/uploads\/2022\/04\/Sturehof.se-om_oss-Group-296.png\" alt=\"Sturehof.se-om_oss-Group 296\" height=\"201\" width=\"201\" title=\"Sturehof.se-om_oss-Group 296\" \/>\n\t<p>2022-02-21 19:00<\/p>\n<h3>Servis till Taverna Brillo<\/h3>\n<p>Taverna Brillo<\/p>\n\t\t\t<a href=\"\" target=\"_self\" role=\"button\" rel=\"noopener\">\n\t\t\t\t\t\t\tL\u00c4S MER\n\t\t\t\t\t<\/a>\n\t\n\t\t\t\t\t\n\t\t\t\n\t\t\t\n\t\t\t<img decoding=\"async\" src=\"https:\/\/wordpress-421140-2727786.cloudwaysapps.com\/wp-content\/uploads\/2022\/05\/Avhamtning-single.jpg\" alt=\"\" title=\"\" \/>\n\t\t\t\n\t\t\t<h2>Inga lediga jobb ute f\u00f6r Riche eller Teatergrillen? Vi s\u00f6ker alltid nya medarbetare p\u00e5 andra restauranger inom koncernen.<\/h2>\n\t\t\t\t\t\t\t<ul>\n\t\t\t\t\t\t\t\t\t\t\t<li><a href=\"\/om-oss\/kontakta-oss\/\">L\u00e4s mer<\/a><\/li>\n\t\t\t\t\t\t\t\t\t<\/ul>\n\n","protected":false},"excerpt":{"rendered":"<p>Vill du jobba p\u00e5 Riche Fenix? Vi erbjuder en varierande, flexibel och rolig arbetsplats i en sp\u00e4nnande milj\u00f6 med bra f\u00f6rm\u00e5ner. Hos oss finns goda utvecklingsm\u00f6jligheter b\u00e5de i jobbet men \u00e4ven inom koncern. Riche och Teatergrillen ing\u00e5r i restaurangkoncernen Svenska Brasserier d\u00e4r \u00e4ven Sturehof, Stockholms matmarknad, Taverna Brillo, Luzette och Ulriksdals V\u00e4rdshus ing\u00e5r. Lediga jobb [&hellip;]<\/p>\n","protected":false},"author":2,"featured_media":0,"parent":6767,"menu_order":0,"comment_status":"closed","ping_status":"closed","template":"","meta":{"_acf_changed":false,"footnotes":""},"class_list":["post-6818","page","type-page","status-publish","hentry"],"acf":[],"yoast_head":"<!-- This site is optimized with the Yoast SEO plugin v27.4 - https:\/\/yoast.com\/product\/yoast-seo-wordpress\/ -->\n<title>Lediga jobb - Riche Fenix<\/title>\n<meta name=\"robots\" content=\"index, follow, max-snippet:-1, max-image-preview:large, max-video-preview:-1\" \/>\n<link rel=\"canonical\" href=\"https:\/\/riche.se\/fenix\/om-oss\/lediga-jobb\/\" \/>\n<meta property=\"og:locale\" content=\"sv_SE\" \/>\n<meta property=\"og:type\" content=\"article\" \/>\n<meta property=\"og:title\" content=\"Lediga jobb - Riche Fenix\" \/>\n<meta property=\"og:description\" content=\"Vill du jobba p\u00e5 Riche Fenix? Vi erbjuder en varierande, flexibel och rolig arbetsplats i en sp\u00e4nnande milj\u00f6 med bra f\u00f6rm\u00e5ner. Hos oss finns goda utvecklingsm\u00f6jligheter b\u00e5de i jobbet men \u00e4ven inom koncern. Riche och Teatergrillen ing\u00e5r i restaurangkoncernen Svenska Brasserier d\u00e4r \u00e4ven Sturehof, Stockholms matmarknad, Taverna Brillo, Luzette och Ulriksdals V\u00e4rdshus ing\u00e5r. Lediga jobb [&hellip;]\" \/>\n<meta property=\"og:url\" content=\"https:\/\/riche.se\/fenix\/om-oss\/lediga-jobb\/\" \/>\n<meta property=\"og:site_name\" content=\"Riche Fenix\" \/>\n<meta property=\"article:modified_time\" content=\"2022-08-12T12:16:29+00:00\" \/>\n<meta property=\"og:image\" content=\"https:\/\/wordpress-421140-2727786.cloudwaysapps.com\/wp-content\/uploads\/2022\/05\/lediga-jobs-hero-img.jpg\" \/>\n<meta name=\"twitter:card\" content=\"summary_large_image\" \/>\n<meta name=\"twitter:label1\" content=\"Ber\u00e4knad l\u00e4stid\" \/>\n\t<meta name=\"twitter:data1\" content=\"1 minut\" \/>\n<script type=\"application\/ld+json\" class=\"yoast-schema-graph\">{\"@context\":\"https:\\\/\\\/schema.org\",\"@graph\":[{\"@type\":\"WebPage\",\"@id\":\"https:\\\/\\\/riche.se\\\/fenix\\\/om-oss\\\/lediga-jobb\\\/\",\"url\":\"https:\\\/\\\/riche.se\\\/fenix\\\/om-oss\\\/lediga-jobb\\\/\",\"name\":\"Lediga jobb - Riche Fenix\",\"isPartOf\":{\"@id\":\"https:\\\/\\\/riche.se\\\/fenix\\\/#website\"},\"primaryImageOfPage\":{\"@id\":\"https:\\\/\\\/riche.se\\\/fenix\\\/om-oss\\\/lediga-jobb\\\/#primaryimage\"},\"image\":{\"@id\":\"https:\\\/\\\/riche.se\\\/fenix\\\/om-oss\\\/lediga-jobb\\\/#primaryimage\"},\"thumbnailUrl\":\"https:\\\/\\\/wordpress-421140-2727786.cloudwaysapps.com\\\/wp-content\\\/uploads\\\/2022\\\/05\\\/lediga-jobs-hero-img.jpg\",\"datePublished\":\"2022-05-18T13:26:13+00:00\",\"dateModified\":\"2022-08-12T12:16:29+00:00\",\"breadcrumb\":{\"@id\":\"https:\\\/\\\/riche.se\\\/fenix\\\/om-oss\\\/lediga-jobb\\\/#breadcrumb\"},\"inLanguage\":\"sv-SE\",\"potentialAction\":[{\"@type\":\"ReadAction\",\"target\":[\"https:\\\/\\\/riche.se\\\/fenix\\\/om-oss\\\/lediga-jobb\\\/\"]}]},{\"@type\":\"ImageObject\",\"inLanguage\":\"sv-SE\",\"@id\":\"https:\\\/\\\/riche.se\\\/fenix\\\/om-oss\\\/lediga-jobb\\\/#primaryimage\",\"url\":\"https:\\\/\\\/wordpress-421140-2727786.cloudwaysapps.com\\\/wp-content\\\/uploads\\\/2022\\\/05\\\/lediga-jobs-hero-img.jpg\",\"contentUrl\":\"https:\\\/\\\/wordpress-421140-2727786.cloudwaysapps.com\\\/wp-content\\\/uploads\\\/2022\\\/05\\\/lediga-jobs-hero-img.jpg\"},{\"@type\":\"BreadcrumbList\",\"@id\":\"https:\\\/\\\/riche.se\\\/fenix\\\/om-oss\\\/lediga-jobb\\\/#breadcrumb\",\"itemListElement\":[{\"@type\":\"ListItem\",\"position\":1,\"name\":\"Home\",\"item\":\"https:\\\/\\\/riche.se\\\/fenix\\\/\"},{\"@type\":\"ListItem\",\"position\":2,\"name\":\"Om oss\",\"item\":\"https:\\\/\\\/riche.se\\\/fenix\\\/om-oss\\\/\"},{\"@type\":\"ListItem\",\"position\":3,\"name\":\"Lediga jobb\"}]},{\"@type\":\"WebSite\",\"@id\":\"https:\\\/\\\/riche.se\\\/fenix\\\/#website\",\"url\":\"https:\\\/\\\/riche.se\\\/fenix\\\/\",\"name\":\"Riche Fenix\",\"description\":\"\",\"publisher\":{\"@id\":\"https:\\\/\\\/riche.se\\\/fenix\\\/#organization\"},\"potentialAction\":[{\"@type\":\"SearchAction\",\"target\":{\"@type\":\"EntryPoint\",\"urlTemplate\":\"https:\\\/\\\/riche.se\\\/fenix\\\/?s={search_term_string}\"},\"query-input\":{\"@type\":\"PropertyValueSpecification\",\"valueRequired\":true,\"valueName\":\"search_term_string\"}}],\"inLanguage\":\"sv-SE\"},{\"@type\":\"Organization\",\"@id\":\"https:\\\/\\\/riche.se\\\/fenix\\\/#organization\",\"name\":\"Riche Fenix\",\"url\":\"https:\\\/\\\/riche.se\\\/fenix\\\/\",\"logo\":{\"@type\":\"ImageObject\",\"inLanguage\":\"sv-SE\",\"@id\":\"https:\\\/\\\/riche.se\\\/fenix\\\/#\\\/schema\\\/logo\\\/image\\\/\",\"url\":\"https:\\\/\\\/riche.se\\\/fenix\\\/wp-content\\\/uploads\\\/sites\\\/3\\\/sites\\\/3\\\/2022\\\/08\\\/cropped-cropped-cropped-Riche-Fenix_Symbol_RGB_Black_Round-e1660316695957.png\",\"contentUrl\":\"https:\\\/\\\/riche.se\\\/fenix\\\/wp-content\\\/uploads\\\/sites\\\/3\\\/sites\\\/3\\\/2022\\\/08\\\/cropped-cropped-cropped-Riche-Fenix_Symbol_RGB_Black_Round-e1660316695957.png\",\"width\":512,\"height\":512,\"caption\":\"Riche Fenix\"},\"image\":{\"@id\":\"https:\\\/\\\/riche.se\\\/fenix\\\/#\\\/schema\\\/logo\\\/image\\\/\"}}]}<\/script>\n<!-- \/ Yoast SEO plugin. -->","yoast_head_json":{"title":"Lediga jobb - Riche Fenix","robots":{"index":"index","follow":"follow","max-snippet":"max-snippet:-1","max-image-preview":"max-image-preview:large","max-video-preview":"max-video-preview:-1"},"canonical":"https:\/\/riche.se\/fenix\/om-oss\/lediga-jobb\/","og_locale":"sv_SE","og_type":"article","og_title":"Lediga jobb - Riche Fenix","og_description":"Vill du jobba p\u00e5 Riche Fenix? Vi erbjuder en varierande, flexibel och rolig arbetsplats i en sp\u00e4nnande milj\u00f6 med bra f\u00f6rm\u00e5ner. Hos oss finns goda utvecklingsm\u00f6jligheter b\u00e5de i jobbet men \u00e4ven inom koncern. Riche och Teatergrillen ing\u00e5r i restaurangkoncernen Svenska Brasserier d\u00e4r \u00e4ven Sturehof, Stockholms matmarknad, Taverna Brillo, Luzette och Ulriksdals V\u00e4rdshus ing\u00e5r. Lediga jobb [&hellip;]","og_url":"https:\/\/riche.se\/fenix\/om-oss\/lediga-jobb\/","og_site_name":"Riche Fenix","article_modified_time":"2022-08-12T12:16:29+00:00","og_image":[{"url":"https:\/\/wordpress-421140-2727786.cloudwaysapps.com\/wp-content\/uploads\/2022\/05\/lediga-jobs-hero-img.jpg","type":"","width":"","height":""}],"twitter_card":"summary_large_image","twitter_misc":{"Ber\u00e4knad l\u00e4stid":"1 minut"},"schema":{"@context":"https:\/\/schema.org","@graph":[{"@type":"WebPage","@id":"https:\/\/riche.se\/fenix\/om-oss\/lediga-jobb\/","url":"https:\/\/riche.se\/fenix\/om-oss\/lediga-jobb\/","name":"Lediga jobb - Riche Fenix","isPartOf":{"@id":"https:\/\/riche.se\/fenix\/#website"},"primaryImageOfPage":{"@id":"https:\/\/riche.se\/fenix\/om-oss\/lediga-jobb\/#primaryimage"},"image":{"@id":"https:\/\/riche.se\/fenix\/om-oss\/lediga-jobb\/#primaryimage"},"thumbnailUrl":"https:\/\/wordpress-421140-2727786.cloudwaysapps.com\/wp-content\/uploads\/2022\/05\/lediga-jobs-hero-img.jpg","datePublished":"2022-05-18T13:26:13+00:00","dateModified":"2022-08-12T12:16:29+00:00","breadcrumb":{"@id":"https:\/\/riche.se\/fenix\/om-oss\/lediga-jobb\/#breadcrumb"},"inLanguage":"sv-SE","potentialAction":[{"@type":"ReadAction","target":["https:\/\/riche.se\/fenix\/om-oss\/lediga-jobb\/"]}]},{"@type":"ImageObject","inLanguage":"sv-SE","@id":"https:\/\/riche.se\/fenix\/om-oss\/lediga-jobb\/#primaryimage","url":"https:\/\/wordpress-421140-2727786.cloudwaysapps.com\/wp-content\/uploads\/2022\/05\/lediga-jobs-hero-img.jpg","contentUrl":"https:\/\/wordpress-421140-2727786.cloudwaysapps.com\/wp-content\/uploads\/2022\/05\/lediga-jobs-hero-img.jpg"},{"@type":"BreadcrumbList","@id":"https:\/\/riche.se\/fenix\/om-oss\/lediga-jobb\/#breadcrumb","itemListElement":[{"@type":"ListItem","position":1,"name":"Home","item":"https:\/\/riche.se\/fenix\/"},{"@type":"ListItem","position":2,"name":"Om oss","item":"https:\/\/riche.se\/fenix\/om-oss\/"},{"@type":"ListItem","position":3,"name":"Lediga jobb"}]},{"@type":"WebSite","@id":"https:\/\/riche.se\/fenix\/#website","url":"https:\/\/riche.se\/fenix\/","name":"Riche Fenix","description":"","publisher":{"@id":"https:\/\/riche.se\/fenix\/#organization"},"potentialAction":[{"@type":"SearchAction","target":{"@type":"EntryPoint","urlTemplate":"https:\/\/riche.se\/fenix\/?s={search_term_string}"},"query-input":{"@type":"PropertyValueSpecification","valueRequired":true,"valueName":"search_term_string"}}],"inLanguage":"sv-SE"},{"@type":"Organization","@id":"https:\/\/riche.se\/fenix\/#organization","name":"Riche Fenix","url":"https:\/\/riche.se\/fenix\/","logo":{"@type":"ImageObject","inLanguage":"sv-SE","@id":"https:\/\/riche.se\/fenix\/#\/schema\/logo\/image\/","url":"https:\/\/riche.se\/fenix\/wp-content\/uploads\/sites\/3\/sites\/3\/2022\/08\/cropped-cropped-cropped-Riche-Fenix_Symbol_RGB_Black_Round-e1660316695957.png","contentUrl":"https:\/\/riche.se\/fenix\/wp-content\/uploads\/sites\/3\/sites\/3\/2022\/08\/cropped-cropped-cropped-Riche-Fenix_Symbol_RGB_Black_Round-e1660316695957.png","width":512,"height":512,"caption":"Riche Fenix"},"image":{"@id":"https:\/\/riche.se\/fenix\/#\/schema\/logo\/image\/"}}]}},"_links":{"self":[{"href":"https:\/\/riche.se\/fenix\/wp-json\/wp\/v2\/pages\/6818","targetHints":{"allow":["GET"]}}],"collection":[{"href":"https:\/\/riche.se\/fenix\/wp-json\/wp\/v2\/pages"}],"about":[{"href":"https:\/\/riche.se\/fenix\/wp-json\/wp\/v2\/types\/page"}],"author":[{"embeddable":true,"href":"https:\/\/riche.se\/fenix\/wp-json\/wp\/v2\/users\/2"}],"replies":[{"embeddable":true,"href":"https:\/\/riche.se\/fenix\/wp-json\/wp\/v2\/comments?post=6818"}],"version-history":[{"count":1,"href":"https:\/\/riche.se\/fenix\/wp-json\/wp\/v2\/pages\/6818\/revisions"}],"predecessor-version":[{"id":12339,"href":"https:\/\/riche.se\/fenix\/wp-json\/wp\/v2\/pages\/6818\/revisions\/12339"}],"up":[{"embeddable":true,"href":"https:\/\/riche.se\/fenix\/wp-json\/wp\/v2\/pages\/6767"}],"wp:attachment":[{"href":"https:\/\/riche.se\/fenix\/wp-json\/wp\/v2\/media?parent=6818"}],"curies":[{"name":"wp","href":"https:\/\/api.w.org\/{rel}","templated":true}]}}