{"id":14310,"date":"2024-02-08T12:59:34","date_gmt":"2024-02-08T12:59:34","guid":{"rendered":"https:\/\/riche.se\/fenix\/?page_id=14310"},"modified":"2025-06-05T13:02:37","modified_gmt":"2025-06-05T13:02:37","slug":"event","status":"publish","type":"page","link":"https:\/\/riche.se\/fenix\/event\/","title":{"rendered":"Event"},"content":{"rendered":"\n\n\t\t\t\t<img decoding=\"async\" src=\"https:\/\/riche.se\/fenix\/wp-content\/uploads\/sites\/3\/sites\/3\/2024\/02\/riche-fenix-bar-hero.jpg\"\n\t\t\t\t     alt=\"Hero banner\"\/>\n\t\t\t\t\t\t\t\t\t<img decoding=\"async\" src=\"https:\/\/riche.se\/fenix\/wp-content\/uploads\/sites\/3\/sites\/3\/2024\/02\/riche-fenix-bar-800x600-1.jpg\" alt=\"Hero banner\"\/>\n\t\t\t\t\t\t\t\t\t<h1>Event p\u00e5 Riche Fenix<\/h1>\n\t\t\t\t\t\t<p>Vill du arrangera ett event p\u00e5 Riche Fenix? P\u00e5 s\u00f6ndagar erbjuder vi exklusiv uthyrning av v\u00e5r restaurang. Vi kan skapa en sittande middag f\u00f6r upp till 65 personer eller st\u00e5ende mingel f\u00f6r upp till 150 personer. Vi anpassar sj\u00e4lvklart menyn efter dina \u00f6nskem\u00e5l och kan hj\u00e4lpa dig att boka en DJ f\u00f6r att skapa r\u00e4tt musikst\u00e4mning.<br \/><br \/>Observera att vi inte har m\u00f6jlighet att ta emot br\u00f6llopsbokningar.<br \/><br \/>Vill du veta mer eller s\u00e4kra ditt datum? Kontakta oss p\u00e5 <a href=\"mailto:info@richefenix.se\">info@richefenix.se<\/a> s\u00e5 hj\u00e4lper vi dig med din f\u00f6rfr\u00e5gan.<\/p>\t\t\t\t\t\n\t\t<ul>\n\t\t\t\t\t\t\t<li>\n\t\t\t\t\t\n\t\t\t\t\t\t\t\t\t\t\t\t\t<source media=\"(max-width: 768px)\"\n\t\t\t\t\t\t\t\tsrcset=\"\"\/>\n\t\t\t\t\t\t\t<source media=\"(max-width: 992px)\"\n\t\t\t\t\t\t\t\tsrcset=\"\"\/>\n\t\t\t\t\t\t\t<source media=\"(min-width: 993px)\"\n\t\t\t\t\t\t\t\tsrcset=\"https:\/\/riche.se\/fenix\/wp-content\/uploads\/sites\/3\/sites\/3\/2025\/06\/riche-fenix-square-3.jpg\"\/>\n\t\t\t\t\t\t\t<img decoding=\"async\" src=\"https:\/\/riche.se\/fenix\/wp-content\/uploads\/sites\/3\/sites\/3\/2025\/06\/riche-fenix-square-3.jpg\" alt=\"S\u00e4llskap p\u00e5 Riche Fenix\" title=\"riche-fenix-square-3\"\/>\n\t\t\t\t\t\t\t\t\t\t\t\n\t\t\t\t\t\n\t\t\t\t<\/li>\n\t\t\t\t\t\t\t<li>\n\t\t\t\t\t\n\t\t\t\t\t\t\t\t\t\t\t\t\t<source media=\"(max-width: 768px)\"\n\t\t\t\t\t\t\t\tsrcset=\"\"\/>\n\t\t\t\t\t\t\t<source media=\"(max-width: 992px)\"\n\t\t\t\t\t\t\t\tsrcset=\"\"\/>\n\t\t\t\t\t\t\t<source media=\"(min-width: 993px)\"\n\t\t\t\t\t\t\t\tsrcset=\"https:\/\/riche.se\/fenix\/wp-content\/uploads\/sites\/3\/sites\/3\/2025\/06\/riche-fenix-square-2.jpg\"\/>\n\t\t\t\t\t\t\t<img decoding=\"async\" src=\"https:\/\/riche.se\/fenix\/wp-content\/uploads\/sites\/3\/sites\/3\/2025\/06\/riche-fenix-square-2.jpg\" alt=\"Bord med mat och dryck p\u00e5 Riche Fenix\" title=\"riche-fenix-square-2\"\/>\n\t\t\t\t\t\t\t\t\t\t\t\n\t\t\t\t\t\n\t\t\t\t<\/li>\n\t\t\t\t\t\t\t<li>\n\t\t\t\t\t\n\t\t\t\t\t\t\t\t\t\t\t\t\t<source media=\"(max-width: 768px)\"\n\t\t\t\t\t\t\t\tsrcset=\"\"\/>\n\t\t\t\t\t\t\t<source media=\"(max-width: 992px)\"\n\t\t\t\t\t\t\t\tsrcset=\"\"\/>\n\t\t\t\t\t\t\t<source media=\"(min-width: 993px)\"\n\t\t\t\t\t\t\t\tsrcset=\"https:\/\/riche.se\/fenix\/wp-content\/uploads\/sites\/3\/sites\/3\/2025\/06\/riche-fenix-square-1.jpg\"\/>\n\t\t\t\t\t\t\t<img decoding=\"async\" src=\"https:\/\/riche.se\/fenix\/wp-content\/uploads\/sites\/3\/sites\/3\/2025\/06\/riche-fenix-square-1.jpg\" alt=\"Riche Fenix bar full med folk\" title=\"riche-fenix-square-1\"\/>\n\t\t\t\t\t\t\t\t\t\t\t\n\t\t\t\t\t\n\t\t\t\t<\/li>\n\t\t\t\t\t<\/ul>\n\n","protected":false},"excerpt":{"rendered":"<p>Event p\u00e5 Riche Fenix Vill du arrangera ett event p\u00e5 Riche Fenix? P\u00e5 s\u00f6ndagar erbjuder vi exklusiv uthyrning av v\u00e5r restaurang. Vi kan skapa en sittande middag f\u00f6r upp till 65 personer eller st\u00e5ende mingel f\u00f6r upp till 150 personer. Vi anpassar sj\u00e4lvklart menyn efter dina \u00f6nskem\u00e5l och kan hj\u00e4lpa dig att boka en DJ [&hellip;]<\/p>\n","protected":false},"author":7,"featured_media":0,"parent":0,"menu_order":0,"comment_status":"closed","ping_status":"closed","template":"","meta":{"_acf_changed":false,"footnotes":""},"class_list":["post-14310","page","type-page","status-publish","hentry"],"acf":[],"yoast_head":"<!-- This site is optimized with the Yoast SEO plugin v27.3 - https:\/\/yoast.com\/product\/yoast-seo-wordpress\/ -->\n<title>Event - Boka Riche Fenix<\/title>\n<meta name=\"description\" content=\"Vill du arrangera ett f\u00f6retagsevent p\u00e5 Riche Fenix? P\u00e5 s\u00f6ndagar och m\u00e5ndagar erbjuder vi exklusiv uthyrning av v\u00e5r restaurang.\" \/>\n<meta name=\"robots\" content=\"index, follow, max-snippet:-1, max-image-preview:large, max-video-preview:-1\" \/>\n<link rel=\"canonical\" href=\"https:\/\/riche.se\/fenix\/event\/\" \/>\n<meta property=\"og:locale\" content=\"sv_SE\" \/>\n<meta property=\"og:type\" content=\"article\" \/>\n<meta property=\"og:title\" content=\"Event - Boka Riche Fenix\" \/>\n<meta property=\"og:description\" content=\"Vill du arrangera ett f\u00f6retagsevent p\u00e5 Riche Fenix? P\u00e5 s\u00f6ndagar och m\u00e5ndagar erbjuder vi exklusiv uthyrning av v\u00e5r restaurang.\" \/>\n<meta property=\"og:url\" content=\"https:\/\/riche.se\/fenix\/event\/\" \/>\n<meta property=\"og:site_name\" content=\"Riche Fenix\" \/>\n<meta property=\"article:modified_time\" content=\"2025-06-05T13:02:37+00:00\" \/>\n<meta property=\"og:image\" content=\"https:\/\/riche.se\/fenix\/wp-content\/uploads\/sites\/3\/sites\/3\/2024\/02\/riche-fenix-bar-hero.jpg\" \/>\n<meta name=\"twitter:card\" content=\"summary_large_image\" \/>\n<meta name=\"twitter:label1\" content=\"Ber\u00e4knad l\u00e4stid\" \/>\n\t<meta name=\"twitter:data1\" content=\"2 minuter\" \/>\n<script type=\"application\/ld+json\" class=\"yoast-schema-graph\">{\"@context\":\"https:\\\/\\\/schema.org\",\"@graph\":[{\"@type\":\"WebPage\",\"@id\":\"https:\\\/\\\/riche.se\\\/fenix\\\/event\\\/\",\"url\":\"https:\\\/\\\/riche.se\\\/fenix\\\/event\\\/\",\"name\":\"Event - Boka Riche Fenix\",\"isPartOf\":{\"@id\":\"https:\\\/\\\/riche.se\\\/fenix\\\/#website\"},\"primaryImageOfPage\":{\"@id\":\"https:\\\/\\\/riche.se\\\/fenix\\\/event\\\/#primaryimage\"},\"image\":{\"@id\":\"https:\\\/\\\/riche.se\\\/fenix\\\/event\\\/#primaryimage\"},\"thumbnailUrl\":\"https:\\\/\\\/riche.se\\\/fenix\\\/wp-content\\\/uploads\\\/sites\\\/3\\\/sites\\\/3\\\/2024\\\/02\\\/riche-fenix-bar-hero.jpg\",\"datePublished\":\"2024-02-08T12:59:34+00:00\",\"dateModified\":\"2025-06-05T13:02:37+00:00\",\"description\":\"Vill du arrangera ett f\u00f6retagsevent p\u00e5 Riche Fenix? P\u00e5 s\u00f6ndagar och m\u00e5ndagar erbjuder vi exklusiv uthyrning av v\u00e5r restaurang.\",\"breadcrumb\":{\"@id\":\"https:\\\/\\\/riche.se\\\/fenix\\\/event\\\/#breadcrumb\"},\"inLanguage\":\"sv-SE\",\"potentialAction\":[{\"@type\":\"ReadAction\",\"target\":[\"https:\\\/\\\/riche.se\\\/fenix\\\/event\\\/\"]}]},{\"@type\":\"ImageObject\",\"inLanguage\":\"sv-SE\",\"@id\":\"https:\\\/\\\/riche.se\\\/fenix\\\/event\\\/#primaryimage\",\"url\":\"https:\\\/\\\/riche.se\\\/fenix\\\/wp-content\\\/uploads\\\/sites\\\/3\\\/sites\\\/3\\\/2024\\\/02\\\/riche-fenix-bar-hero.jpg\",\"contentUrl\":\"https:\\\/\\\/riche.se\\\/fenix\\\/wp-content\\\/uploads\\\/sites\\\/3\\\/sites\\\/3\\\/2024\\\/02\\\/riche-fenix-bar-hero.jpg\",\"width\":1440,\"height\":420,\"caption\":\"Baren p\u00e5 Riche Fenix\"},{\"@type\":\"BreadcrumbList\",\"@id\":\"https:\\\/\\\/riche.se\\\/fenix\\\/event\\\/#breadcrumb\",\"itemListElement\":[{\"@type\":\"ListItem\",\"position\":1,\"name\":\"Home\",\"item\":\"https:\\\/\\\/riche.se\\\/fenix\\\/\"},{\"@type\":\"ListItem\",\"position\":2,\"name\":\"Event\"}]},{\"@type\":\"WebSite\",\"@id\":\"https:\\\/\\\/riche.se\\\/fenix\\\/#website\",\"url\":\"https:\\\/\\\/riche.se\\\/fenix\\\/\",\"name\":\"Riche Fenix\",\"description\":\"\",\"publisher\":{\"@id\":\"https:\\\/\\\/riche.se\\\/fenix\\\/#organization\"},\"potentialAction\":[{\"@type\":\"SearchAction\",\"target\":{\"@type\":\"EntryPoint\",\"urlTemplate\":\"https:\\\/\\\/riche.se\\\/fenix\\\/?s={search_term_string}\"},\"query-input\":{\"@type\":\"PropertyValueSpecification\",\"valueRequired\":true,\"valueName\":\"search_term_string\"}}],\"inLanguage\":\"sv-SE\"},{\"@type\":\"Organization\",\"@id\":\"https:\\\/\\\/riche.se\\\/fenix\\\/#organization\",\"name\":\"Riche Fenix\",\"url\":\"https:\\\/\\\/riche.se\\\/fenix\\\/\",\"logo\":{\"@type\":\"ImageObject\",\"inLanguage\":\"sv-SE\",\"@id\":\"https:\\\/\\\/riche.se\\\/fenix\\\/#\\\/schema\\\/logo\\\/image\\\/\",\"url\":\"https:\\\/\\\/riche.se\\\/fenix\\\/wp-content\\\/uploads\\\/sites\\\/3\\\/sites\\\/3\\\/2022\\\/08\\\/cropped-cropped-cropped-Riche-Fenix_Symbol_RGB_Black_Round-e1660316695957.png\",\"contentUrl\":\"https:\\\/\\\/riche.se\\\/fenix\\\/wp-content\\\/uploads\\\/sites\\\/3\\\/sites\\\/3\\\/2022\\\/08\\\/cropped-cropped-cropped-Riche-Fenix_Symbol_RGB_Black_Round-e1660316695957.png\",\"width\":512,\"height\":512,\"caption\":\"Riche Fenix\"},\"image\":{\"@id\":\"https:\\\/\\\/riche.se\\\/fenix\\\/#\\\/schema\\\/logo\\\/image\\\/\"}}]}<\/script>\n<!-- \/ Yoast SEO plugin. -->","yoast_head_json":{"title":"Event - Boka Riche Fenix","description":"Vill du arrangera ett f\u00f6retagsevent p\u00e5 Riche Fenix? P\u00e5 s\u00f6ndagar och m\u00e5ndagar erbjuder vi exklusiv uthyrning av v\u00e5r restaurang.","robots":{"index":"index","follow":"follow","max-snippet":"max-snippet:-1","max-image-preview":"max-image-preview:large","max-video-preview":"max-video-preview:-1"},"canonical":"https:\/\/riche.se\/fenix\/event\/","og_locale":"sv_SE","og_type":"article","og_title":"Event - Boka Riche Fenix","og_description":"Vill du arrangera ett f\u00f6retagsevent p\u00e5 Riche Fenix? P\u00e5 s\u00f6ndagar och m\u00e5ndagar erbjuder vi exklusiv uthyrning av v\u00e5r restaurang.","og_url":"https:\/\/riche.se\/fenix\/event\/","og_site_name":"Riche Fenix","article_modified_time":"2025-06-05T13:02:37+00:00","og_image":[{"url":"https:\/\/riche.se\/fenix\/wp-content\/uploads\/sites\/3\/sites\/3\/2024\/02\/riche-fenix-bar-hero.jpg","type":"","width":"","height":""}],"twitter_card":"summary_large_image","twitter_misc":{"Ber\u00e4knad l\u00e4stid":"2 minuter"},"schema":{"@context":"https:\/\/schema.org","@graph":[{"@type":"WebPage","@id":"https:\/\/riche.se\/fenix\/event\/","url":"https:\/\/riche.se\/fenix\/event\/","name":"Event - Boka Riche Fenix","isPartOf":{"@id":"https:\/\/riche.se\/fenix\/#website"},"primaryImageOfPage":{"@id":"https:\/\/riche.se\/fenix\/event\/#primaryimage"},"image":{"@id":"https:\/\/riche.se\/fenix\/event\/#primaryimage"},"thumbnailUrl":"https:\/\/riche.se\/fenix\/wp-content\/uploads\/sites\/3\/sites\/3\/2024\/02\/riche-fenix-bar-hero.jpg","datePublished":"2024-02-08T12:59:34+00:00","dateModified":"2025-06-05T13:02:37+00:00","description":"Vill du arrangera ett f\u00f6retagsevent p\u00e5 Riche Fenix? P\u00e5 s\u00f6ndagar och m\u00e5ndagar erbjuder vi exklusiv uthyrning av v\u00e5r restaurang.","breadcrumb":{"@id":"https:\/\/riche.se\/fenix\/event\/#breadcrumb"},"inLanguage":"sv-SE","potentialAction":[{"@type":"ReadAction","target":["https:\/\/riche.se\/fenix\/event\/"]}]},{"@type":"ImageObject","inLanguage":"sv-SE","@id":"https:\/\/riche.se\/fenix\/event\/#primaryimage","url":"https:\/\/riche.se\/fenix\/wp-content\/uploads\/sites\/3\/sites\/3\/2024\/02\/riche-fenix-bar-hero.jpg","contentUrl":"https:\/\/riche.se\/fenix\/wp-content\/uploads\/sites\/3\/sites\/3\/2024\/02\/riche-fenix-bar-hero.jpg","width":1440,"height":420,"caption":"Baren p\u00e5 Riche Fenix"},{"@type":"BreadcrumbList","@id":"https:\/\/riche.se\/fenix\/event\/#breadcrumb","itemListElement":[{"@type":"ListItem","position":1,"name":"Home","item":"https:\/\/riche.se\/fenix\/"},{"@type":"ListItem","position":2,"name":"Event"}]},{"@type":"WebSite","@id":"https:\/\/riche.se\/fenix\/#website","url":"https:\/\/riche.se\/fenix\/","name":"Riche Fenix","description":"","publisher":{"@id":"https:\/\/riche.se\/fenix\/#organization"},"potentialAction":[{"@type":"SearchAction","target":{"@type":"EntryPoint","urlTemplate":"https:\/\/riche.se\/fenix\/?s={search_term_string}"},"query-input":{"@type":"PropertyValueSpecification","valueRequired":true,"valueName":"search_term_string"}}],"inLanguage":"sv-SE"},{"@type":"Organization","@id":"https:\/\/riche.se\/fenix\/#organization","name":"Riche Fenix","url":"https:\/\/riche.se\/fenix\/","logo":{"@type":"ImageObject","inLanguage":"sv-SE","@id":"https:\/\/riche.se\/fenix\/#\/schema\/logo\/image\/","url":"https:\/\/riche.se\/fenix\/wp-content\/uploads\/sites\/3\/sites\/3\/2022\/08\/cropped-cropped-cropped-Riche-Fenix_Symbol_RGB_Black_Round-e1660316695957.png","contentUrl":"https:\/\/riche.se\/fenix\/wp-content\/uploads\/sites\/3\/sites\/3\/2022\/08\/cropped-cropped-cropped-Riche-Fenix_Symbol_RGB_Black_Round-e1660316695957.png","width":512,"height":512,"caption":"Riche Fenix"},"image":{"@id":"https:\/\/riche.se\/fenix\/#\/schema\/logo\/image\/"}}]}},"_links":{"self":[{"href":"https:\/\/riche.se\/fenix\/wp-json\/wp\/v2\/pages\/14310","targetHints":{"allow":["GET"]}}],"collection":[{"href":"https:\/\/riche.se\/fenix\/wp-json\/wp\/v2\/pages"}],"about":[{"href":"https:\/\/riche.se\/fenix\/wp-json\/wp\/v2\/types\/page"}],"author":[{"embeddable":true,"href":"https:\/\/riche.se\/fenix\/wp-json\/wp\/v2\/users\/7"}],"replies":[{"embeddable":true,"href":"https:\/\/riche.se\/fenix\/wp-json\/wp\/v2\/comments?post=14310"}],"version-history":[{"count":6,"href":"https:\/\/riche.se\/fenix\/wp-json\/wp\/v2\/pages\/14310\/revisions"}],"predecessor-version":[{"id":15621,"href":"https:\/\/riche.se\/fenix\/wp-json\/wp\/v2\/pages\/14310\/revisions\/15621"}],"wp:attachment":[{"href":"https:\/\/riche.se\/fenix\/wp-json\/wp\/v2\/media?parent=14310"}],"curies":[{"name":"wp","href":"https:\/\/api.w.org\/{rel}","templated":true}]}}