{"id":12147,"date":"2022-03-09T13:49:58","date_gmt":"2022-03-09T13:49:58","guid":{"rendered":"https:\/\/wordpress-421140-2727786.cloudwaysapps.com\/?page_id=2"},"modified":"2025-01-07T09:51:08","modified_gmt":"2025-01-07T09:51:08","slug":"sample-page-2","status":"publish","type":"page","link":"https:\/\/riche.se\/fenix-en\/","title":{"rendered":"Sample Page"},"content":{"rendered":"\n\n\t\t\t\t\t\t\t\t\t<h1>Book a table<\/h1>\n\t\t\t\t\t\t<p>A night out is usually more than just a night out; it can be filled with longing and hopes, unexpected encounters, and anticipated surprises. Riche Fenix is a bar located at G\u00f6tgatan 40 in Stockholm. It&#8217;s easy to get here, and you&#8217;ll likely never want to leave.Book a table with us or drop by spontaneously!<\/p>\t\t\t\t\t\n\t\t\t\t\t\t\t\t\t\t\t\t\t\t\t\t\t\t<ul>\n\t\t\t\t\t\t\t\t\t\t\t\t\t\t\t\t\t\t\t\t\t\t\t\t\t\t\t\t\t\t\t\t\t\t<li>\n\t\t\t\t\t\t\t\t<a\n\t\t\t\t\t\t\t\t\t\t\t\t\t\t\t\t\t   href=\"https:\/\/app.bokabord.se\/reservation\/?app_type=&#038;lang=en&#038;hash=c59fc0f8ca3fe66f50933cc7d5b48c41&#038;version=new&#038;date=2024-10-28\" =>Book a table<\/a>\n\t\t\t\t\t\t\t<\/li>\n\t\t\t\t\t\t\t\t\t\t\t<\/ul>\n\t<ul>\n\t\t<li>\n\t\t\t\n\t\t\t\t\t\t\t\t\t<source media=\"(max-width: 768px)\"\n\t\t\t\t\t\tsrcset=\"\"\/>\n\t\t\t\t\t<source media=\"(max-width: 992px)\"\n\t\t\t\t\t\tsrcset=\"\"\/>\n\t\t\t\t\t<source media=\"(min-width: 993px)\"\n\t\t\t\t\t\tsrcset=\"https:\/\/riche.se\/fenix-en\/wp-content\/uploads\/sites\/4\/2024\/06\/riche-fenix-korv.png\"\/>\n\t\t\t\t\t<img decoding=\"async\" src=\"https:\/\/riche.se\/fenix-en\/wp-content\/uploads\/sites\/4\/2024\/06\/riche-fenix-korv.png\" alt=\"The food at Riche Fenix\" title=\"riche-fenix-korv\"\/>\n\t\t\t\t\t\t\t\n\t\t\t\t\t\t<h2>Our menu<\/h2>\n\t\t\t\t\t\t\t<p>Our food comes from a playful place. We draw influences from all around the world, and the creative dishes on the menu are designed to be easy to eat.<\/p>\t\t\t\t\t\t\n\t\t\t\t\t\t\t\t\t\t\t\t\t<ul>\n\t\t\t\t\t\t\t\t\t\t\t\t\t\t\t\t\t<li><a\n\t\t\t\t\t\t\t\t\t       href=\"https:\/\/riche.se\/fenix-en\/menu\/\">See our meny<\/a><\/li>\n\t\t\t\t\t\t\t\t\t\t\t\t\t\t\t<\/ul>\n\t\t<\/li>\n\t\t<li>\n\t\t\t\n\t\t\t\t\t\t\t\t\t<source media=\"(max-width: 768px)\"\n\t\t\t\t\t\tsrcset=\"\"\/>\n\t\t\t\t\t<source media=\"(max-width: 992px)\"\n\t\t\t\t\t\tsrcset=\"\"\/>\n\t\t\t\t\t<source media=\"(min-width: 993px)\"\n\t\t\t\t\t\tsrcset=\"https:\/\/riche.se\/fenix-en\/wp-content\/uploads\/sites\/4\/2024\/06\/riche-fenix-638x344-1.png\"\/>\n\t\t\t\t\t<img decoding=\"async\" src=\"https:\/\/riche.se\/fenix-en\/wp-content\/uploads\/sites\/4\/2024\/06\/riche-fenix-638x344-1.png\" alt=\"Riche Fenix\" title=\"riche-fenix-638&#215;344\"\/>\n\t\t\t\t\t\t\t\n\t\t\t\t\t\t<h2>About us<\/h2>\n\t\t\t\t\t\t\t<p>Riche Fenix is in many ways a simple and uncomplicated place but with high quality and thoughtful ideas that permeate everything.<\/p>\t\t\t\t\t\t\n\t\t\t\t\t\t\t\t\t\t\t\t\t<ul>\n\t\t\t\t\t\t\t\t\t\t\t\t\t\t\t\t\t<li><a\n\t\t\t\t\t\t\t\t\t       href=\"https:\/\/riche.se\/fenix-en\/about_us\/\">Read more<\/a><\/li>\n\t\t\t\t\t\t\t\t\t\t\t\t\t\t\t<\/ul>\n\t\t<\/li>\n\t<\/ul>\n\t\n\t\t\t\t\t<source media=\"(max-width: 768px)\"\n\t\t\t\tsrcset=\"https:\/\/riche.se\/fenix-en\/wp-content\/uploads\/sites\/4\/2022\/08\/otis_birds_colored_02-2.png\"\/>\n\t\t\t<source media=\"(max-width: 992px)\"\n\t\t\t\tsrcset=\"https:\/\/riche.se\/fenix-en\/wp-content\/uploads\/sites\/4\/2022\/08\/otis_birds_colored_02-2.png\"\/>\n\t\t\t<source media=\"(min-width: 993px)\"\n\t\t\t\tsrcset=\"https:\/\/riche.se\/fenix-en\/wp-content\/uploads\/sites\/4\/2022\/08\/otis_birds_colored_02-2-1.png\"\/>\n\t\t\t<img decoding=\"async\" src=\"https:\/\/riche.se\/fenix-en\/wp-content\/uploads\/sites\/4\/2022\/08\/otis_birds_colored_02-2-1.png\" alt=\"\" title=\"otis_birds_colored_02 2\"\/>\n\t\t\t\n\t\t\t<h2>Let&#8217;s keep in touch<\/h2>\n\t\t\t\t<p>Riche Fenix never sleeps, even if we need to be closed at certain times. So, follow the constant flow of creative gastronomic expressions and cultural events by signing up for our newsletter. Please note that our newsletters are written in Swedish.<div class=\"fl-builder-content fl-builder-content-241 fl-builder-template fl-builder-module-template fl-builder-global-templates-locked\" data-post-id=\"241\"><div class=\"fl-module fl-module-contact-form fl-node-gcxepy0slnd7 subscribe-block-form\" data-node=\"gcxepy0slnd7\">\n\t<div class=\"fl-module-content fl-node-content\">\n\t\t<form class=\"fl-contact-form\" data-template-id=\"geza387dhlqr\" data-template-node-id=\"gcxepy0slnd7\">\t<input type=\"hidden\" id=\"fl-contact-form-nonce\" name=\"fl-contact-form-nonce\" value=\"009d11e1b0\" \/><input type=\"hidden\" name=\"_wp_http_referer\" value=\"\/fenix-en\/wp-json\/wp\/v2\/pages\/12147\" \/>\t<input type=\"hidden\" name=\"fl-layout-id\" value=\"12147\" \/>\n\t\t\t\t<div class=\"fl-input-group fl-email\">\n\t\t<label for=\"fl-email\"  class=\"fl-contact-form-label-hidden\">Your email address<\/label>\n\t\t<span class=\"fl-contact-error\" id=\"email-error\">Please enter a valid email.<\/span>\n\t\t<input type=\"email\" id=\"fl-email\" aria-describedby=\"email-error\" name=\"fl-email\" value=\"\" placeholder=\"Your email address\" \/>\n\t<\/div>\n\t\t\t<div class=\"fl-input-group fl-message\">\n\t\t<label for=\"fl-message\"  class=\"fl-contact-form-label-hidden\">Your email address<\/label>\n\t\t<span class=\"fl-contact-error\" id=\"message-error\">Please enter a message.<\/span>\n\t\t<textarea id=\"fl-message\" name=\"fl-message\" aria-describedby=\"message-error\" placeholder=\"Your email address\"><\/textarea>\n\t<\/div>\n\t\t<div  class=\"fl-button-wrap fl-button-width-full fl-button-left\">\n\t\t\t<a href=\"#\" target=\"_self\" class=\"fl-button\">\n\t\t\t\t\t\t\t<span class=\"fl-button-text\">Send<\/span>\n\t\t\t\t\t<\/a>\n\t<\/div>\n\t<div class=\"fl-input-group fl-terms-checkbox\">\n\t\t<label for=\"fl-terms-checkbox-gcxepy0slnd7\">\n\t\t\t<input type=\"checkbox\" class=\"checkbox-inline\" id=\"fl-terms-checkbox-gcxepy0slnd7\" name=\"fl-terms-checkbox\" value=\"1\" \/>Yes, please, I would like to receive newsletters and offers from Fenix and accept the <a href=\"\" target=\"_blank\">privacy policy<\/a><\/label>\n\t\t<span class=\"fl-contact-error\">You must accept the Terms and Conditions.<\/span>\n\t<\/div>\n\t\t\t<span class=\"fl-success-none\" style=\"display:none;\">Message Sent!<\/span>\n\t\n\t<span class=\"fl-send-error\" style=\"display:none;\">Message failed. Please try again.<\/span>\n<\/form>\n\t<\/div>\n<\/div>\n<\/div><\/p>\t\t\t\n\n","protected":false},"excerpt":{"rendered":"<p>Book a table A night out is usually more than just a night out; it can be filled with longing and hopes, unexpected encounters, and anticipated surprises. Riche Fenix is a bar located at G\u00f6tgatan 40 in Stockholm. It&#8217;s easy to get here, and you&#8217;ll likely never want to leave.Book a table with us or [&hellip;]<\/p>\n","protected":false},"author":2,"featured_media":0,"parent":0,"menu_order":0,"comment_status":"closed","ping_status":"open","template":"","meta":{"_acf_changed":false,"footnotes":""},"class_list":["post-12147","page","type-page","status-publish","hentry"],"acf":[],"yoast_head":"<!-- This site is optimized with the Yoast SEO plugin v27.4 - https:\/\/yoast.com\/product\/yoast-seo-wordpress\/ -->\n<title>Riche Fenix - A bar at G\u00f6tgatan 40, Stockholm<\/title>\n<meta name=\"description\" content=\"Riche Fenix is a bar located at G\u00f6tgatan 40 on S\u00f6dermalm. It&#039;s easy to get to and you&#039;ll never want to leave.\" \/>\n<meta name=\"robots\" content=\"index, follow, max-snippet:-1, max-image-preview:large, max-video-preview:-1\" \/>\n<link rel=\"canonical\" href=\"https:\/\/riche.se\/fenix-en\/\" \/>\n<meta property=\"og:locale\" content=\"en_US\" \/>\n<meta property=\"og:type\" content=\"article\" \/>\n<meta property=\"og:title\" content=\"Riche Fenix - A bar at G\u00f6tgatan 40, Stockholm\" \/>\n<meta property=\"og:description\" content=\"Riche Fenix is a bar located at G\u00f6tgatan 40 on S\u00f6dermalm. It&#039;s easy to get to and you&#039;ll never want to leave.\" \/>\n<meta property=\"og:url\" content=\"https:\/\/riche.se\/fenix-en\/\" \/>\n<meta property=\"og:site_name\" content=\"Riche Fenix En\" \/>\n<meta property=\"article:modified_time\" content=\"2025-01-07T09:51:08+00:00\" \/>\n<meta property=\"og:image\" content=\"https:\/\/riche.se\/fenix-en\/wp-content\/uploads\/sites\/4\/2024\/06\/riche-fenix-korv.png\" \/>\n<meta name=\"twitter:card\" content=\"summary_large_image\" \/>\n<meta name=\"twitter:label1\" content=\"Est. reading time\" \/>\n\t<meta name=\"twitter:data1\" content=\"2 minutes\" \/>\n<script type=\"application\/ld+json\" class=\"yoast-schema-graph\">{\"@context\":\"https:\\\/\\\/schema.org\",\"@graph\":[{\"@type\":\"WebPage\",\"@id\":\"https:\\\/\\\/riche.se\\\/fenix-en\\\/\",\"url\":\"https:\\\/\\\/riche.se\\\/fenix-en\\\/\",\"name\":\"Riche Fenix - A bar at G\u00f6tgatan 40, Stockholm\",\"isPartOf\":{\"@id\":\"https:\\\/\\\/riche.se\\\/fenix-en\\\/#website\"},\"primaryImageOfPage\":{\"@id\":\"https:\\\/\\\/riche.se\\\/fenix-en\\\/#primaryimage\"},\"image\":{\"@id\":\"https:\\\/\\\/riche.se\\\/fenix-en\\\/#primaryimage\"},\"thumbnailUrl\":\"https:\\\/\\\/riche.se\\\/fenix-en\\\/wp-content\\\/uploads\\\/sites\\\/4\\\/2024\\\/06\\\/riche-fenix-korv.png\",\"datePublished\":\"2022-03-09T13:49:58+00:00\",\"dateModified\":\"2025-01-07T09:51:08+00:00\",\"description\":\"Riche Fenix is a bar located at G\u00f6tgatan 40 on S\u00f6dermalm. It's easy to get to and you'll never want to leave.\",\"breadcrumb\":{\"@id\":\"https:\\\/\\\/riche.se\\\/fenix-en\\\/#breadcrumb\"},\"inLanguage\":\"en-US\",\"potentialAction\":[{\"@type\":\"ReadAction\",\"target\":[\"https:\\\/\\\/riche.se\\\/fenix-en\\\/\"]}]},{\"@type\":\"ImageObject\",\"inLanguage\":\"en-US\",\"@id\":\"https:\\\/\\\/riche.se\\\/fenix-en\\\/#primaryimage\",\"url\":\"https:\\\/\\\/riche.se\\\/fenix-en\\\/wp-content\\\/uploads\\\/sites\\\/4\\\/2024\\\/06\\\/riche-fenix-korv.png\",\"contentUrl\":\"https:\\\/\\\/riche.se\\\/fenix-en\\\/wp-content\\\/uploads\\\/sites\\\/4\\\/2024\\\/06\\\/riche-fenix-korv.png\",\"width\":1000,\"height\":720,\"caption\":\"The food at Riche Fenix\"},{\"@type\":\"BreadcrumbList\",\"@id\":\"https:\\\/\\\/riche.se\\\/fenix-en\\\/#breadcrumb\",\"itemListElement\":[{\"@type\":\"ListItem\",\"position\":1,\"name\":\"Home\",\"item\":\"https:\\\/\\\/riche.se\\\/fenix-en\\\/\"},{\"@type\":\"ListItem\",\"position\":2,\"name\":\"Sample Page\"}]},{\"@type\":\"WebSite\",\"@id\":\"https:\\\/\\\/riche.se\\\/fenix-en\\\/#website\",\"url\":\"https:\\\/\\\/riche.se\\\/fenix-en\\\/\",\"name\":\"Riche Fenix En\",\"description\":\"\",\"publisher\":{\"@id\":\"https:\\\/\\\/riche.se\\\/fenix-en\\\/#organization\"},\"potentialAction\":[{\"@type\":\"SearchAction\",\"target\":{\"@type\":\"EntryPoint\",\"urlTemplate\":\"https:\\\/\\\/riche.se\\\/fenix-en\\\/?s={search_term_string}\"},\"query-input\":{\"@type\":\"PropertyValueSpecification\",\"valueRequired\":true,\"valueName\":\"search_term_string\"}}],\"inLanguage\":\"en-US\"},{\"@type\":\"Organization\",\"@id\":\"https:\\\/\\\/riche.se\\\/fenix-en\\\/#organization\",\"name\":\"Riche Fenix En\",\"url\":\"https:\\\/\\\/riche.se\\\/fenix-en\\\/\",\"logo\":{\"@type\":\"ImageObject\",\"inLanguage\":\"en-US\",\"@id\":\"https:\\\/\\\/riche.se\\\/fenix-en\\\/#\\\/schema\\\/logo\\\/image\\\/\",\"url\":\"https:\\\/\\\/riche.se\\\/fenix-en\\\/wp-content\\\/uploads\\\/sites\\\/4\\\/2022\\\/08\\\/cropped-cropped-cropped-Riche-Fenix_Symbol_RGB_Black_Round-e1660316695957.png\",\"contentUrl\":\"https:\\\/\\\/riche.se\\\/fenix-en\\\/wp-content\\\/uploads\\\/sites\\\/4\\\/2022\\\/08\\\/cropped-cropped-cropped-Riche-Fenix_Symbol_RGB_Black_Round-e1660316695957.png\",\"width\":512,\"height\":512,\"caption\":\"Riche Fenix En\"},\"image\":{\"@id\":\"https:\\\/\\\/riche.se\\\/fenix-en\\\/#\\\/schema\\\/logo\\\/image\\\/\"}}]}<\/script>\n<!-- \/ Yoast SEO plugin. -->","yoast_head_json":{"title":"Riche Fenix - A bar at G\u00f6tgatan 40, Stockholm","description":"Riche Fenix is a bar located at G\u00f6tgatan 40 on S\u00f6dermalm. It's easy to get to and you'll never want to leave.","robots":{"index":"index","follow":"follow","max-snippet":"max-snippet:-1","max-image-preview":"max-image-preview:large","max-video-preview":"max-video-preview:-1"},"canonical":"https:\/\/riche.se\/fenix-en\/","og_locale":"en_US","og_type":"article","og_title":"Riche Fenix - A bar at G\u00f6tgatan 40, Stockholm","og_description":"Riche Fenix is a bar located at G\u00f6tgatan 40 on S\u00f6dermalm. It's easy to get to and you'll never want to leave.","og_url":"https:\/\/riche.se\/fenix-en\/","og_site_name":"Riche Fenix En","article_modified_time":"2025-01-07T09:51:08+00:00","og_image":[{"url":"https:\/\/riche.se\/fenix-en\/wp-content\/uploads\/sites\/4\/2024\/06\/riche-fenix-korv.png","type":"","width":"","height":""}],"twitter_card":"summary_large_image","twitter_misc":{"Est. reading time":"2 minutes"},"schema":{"@context":"https:\/\/schema.org","@graph":[{"@type":"WebPage","@id":"https:\/\/riche.se\/fenix-en\/","url":"https:\/\/riche.se\/fenix-en\/","name":"Riche Fenix - A bar at G\u00f6tgatan 40, Stockholm","isPartOf":{"@id":"https:\/\/riche.se\/fenix-en\/#website"},"primaryImageOfPage":{"@id":"https:\/\/riche.se\/fenix-en\/#primaryimage"},"image":{"@id":"https:\/\/riche.se\/fenix-en\/#primaryimage"},"thumbnailUrl":"https:\/\/riche.se\/fenix-en\/wp-content\/uploads\/sites\/4\/2024\/06\/riche-fenix-korv.png","datePublished":"2022-03-09T13:49:58+00:00","dateModified":"2025-01-07T09:51:08+00:00","description":"Riche Fenix is a bar located at G\u00f6tgatan 40 on S\u00f6dermalm. It's easy to get to and you'll never want to leave.","breadcrumb":{"@id":"https:\/\/riche.se\/fenix-en\/#breadcrumb"},"inLanguage":"en-US","potentialAction":[{"@type":"ReadAction","target":["https:\/\/riche.se\/fenix-en\/"]}]},{"@type":"ImageObject","inLanguage":"en-US","@id":"https:\/\/riche.se\/fenix-en\/#primaryimage","url":"https:\/\/riche.se\/fenix-en\/wp-content\/uploads\/sites\/4\/2024\/06\/riche-fenix-korv.png","contentUrl":"https:\/\/riche.se\/fenix-en\/wp-content\/uploads\/sites\/4\/2024\/06\/riche-fenix-korv.png","width":1000,"height":720,"caption":"The food at Riche Fenix"},{"@type":"BreadcrumbList","@id":"https:\/\/riche.se\/fenix-en\/#breadcrumb","itemListElement":[{"@type":"ListItem","position":1,"name":"Home","item":"https:\/\/riche.se\/fenix-en\/"},{"@type":"ListItem","position":2,"name":"Sample Page"}]},{"@type":"WebSite","@id":"https:\/\/riche.se\/fenix-en\/#website","url":"https:\/\/riche.se\/fenix-en\/","name":"Riche Fenix En","description":"","publisher":{"@id":"https:\/\/riche.se\/fenix-en\/#organization"},"potentialAction":[{"@type":"SearchAction","target":{"@type":"EntryPoint","urlTemplate":"https:\/\/riche.se\/fenix-en\/?s={search_term_string}"},"query-input":{"@type":"PropertyValueSpecification","valueRequired":true,"valueName":"search_term_string"}}],"inLanguage":"en-US"},{"@type":"Organization","@id":"https:\/\/riche.se\/fenix-en\/#organization","name":"Riche Fenix En","url":"https:\/\/riche.se\/fenix-en\/","logo":{"@type":"ImageObject","inLanguage":"en-US","@id":"https:\/\/riche.se\/fenix-en\/#\/schema\/logo\/image\/","url":"https:\/\/riche.se\/fenix-en\/wp-content\/uploads\/sites\/4\/2022\/08\/cropped-cropped-cropped-Riche-Fenix_Symbol_RGB_Black_Round-e1660316695957.png","contentUrl":"https:\/\/riche.se\/fenix-en\/wp-content\/uploads\/sites\/4\/2022\/08\/cropped-cropped-cropped-Riche-Fenix_Symbol_RGB_Black_Round-e1660316695957.png","width":512,"height":512,"caption":"Riche Fenix En"},"image":{"@id":"https:\/\/riche.se\/fenix-en\/#\/schema\/logo\/image\/"}}]}},"_links":{"self":[{"href":"https:\/\/riche.se\/fenix-en\/wp-json\/wp\/v2\/pages\/12147","targetHints":{"allow":["GET"]}}],"collection":[{"href":"https:\/\/riche.se\/fenix-en\/wp-json\/wp\/v2\/pages"}],"about":[{"href":"https:\/\/riche.se\/fenix-en\/wp-json\/wp\/v2\/types\/page"}],"author":[{"embeddable":true,"href":"https:\/\/riche.se\/fenix-en\/wp-json\/wp\/v2\/users\/2"}],"replies":[{"embeddable":true,"href":"https:\/\/riche.se\/fenix-en\/wp-json\/wp\/v2\/comments?post=12147"}],"version-history":[{"count":5,"href":"https:\/\/riche.se\/fenix-en\/wp-json\/wp\/v2\/pages\/12147\/revisions"}],"predecessor-version":[{"id":13045,"href":"https:\/\/riche.se\/fenix-en\/wp-json\/wp\/v2\/pages\/12147\/revisions\/13045"}],"wp:attachment":[{"href":"https:\/\/riche.se\/fenix-en\/wp-json\/wp\/v2\/media?parent=12147"}],"curies":[{"name":"wp","href":"https:\/\/api.w.org\/{rel}","templated":true}]}}